{"id":15,"date":"2020-07-23T10:09:21","date_gmt":"2020-07-23T10:09:21","guid":{"rendered":"http:\/\/www.htl.srl\/?page_id=15"},"modified":"2025-04-30T07:32:29","modified_gmt":"2025-04-30T07:32:29","slug":"servizi","status":"publish","type":"page","link":"https:\/\/www.htl.srl\/index.php\/servizi\/","title":{"rendered":"SERVIZI"},"content":{"rendered":"<p><div class=\"fusion-fullwidth fullwidth-box fusion-builder-row-1 fusion-flex-container nonhundred-percent-fullwidth non-hundred-percent-height-scrolling\" style=\"--awb-border-radius-top-left:0px;--awb-border-radius-top-right:0px;--awb-border-radius-bottom-right:0px;--awb-border-radius-bottom-left:0px;--awb-padding-right:0px;--awb-padding-left:0px;\" ><div class=\"fusion-builder-row fusion-row fusion-flex-align-items-center fusion-flex-justify-content-center\" style=\"max-width:1144px;margin-left: calc(-4% \/ 2 );margin-right: calc(-4% \/ 2 );\"><div class=\"fusion-layout-column fusion_builder_column fusion-builder-column-0 fusion_builder_column_1_2 1_2 fusion-flex-column\" style=\"--awb-bg-size:cover;--awb-width-large:50%;--awb-margin-top-large:15px;--awb-spacing-right-large:3.84%;--awb-margin-bottom-large:15px;--awb-spacing-left-large:3.84%;--awb-width-medium:50%;--awb-order-medium:0;--awb-spacing-right-medium:3.84%;--awb-spacing-left-medium:3.84%;--awb-width-small:100%;--awb-order-small:0;--awb-spacing-right-small:1.92%;--awb-spacing-left-small:1.92%;\"><div class=\"fusion-column-wrapper fusion-column-has-shadow fusion-flex-justify-content-flex-start fusion-content-layout-column\"><div class=\"fusion-text fusion-text-1\"><h4><span style=\"text-decoration: underline;\"><strong id=\"1\">REPARTO PROGETTAZIONE E PROTOTIPAZIONE<\/strong><\/span><\/h4>\n<p>L\u2019ufficio tecnico di <strong>HTL<\/strong>, costituito da programmatori e tecnici altamente qualificati, \u00e8 in grado di offrire le migliori soluzioni alle necessit\u00e0 tecniche pi\u00f9 complesse.<\/p>\n<p>Utilizziamo i software CAD\/CAM pi\u00f9 evoluti e aggiornati sul mercato quali Solidworks, Rhinoceros, Alphacam, Esprit, Autocad, etc..<\/p>\n<p>HTL realizza il prototipo nel <strong>materiale definitivo<\/strong> e con la migliore tecnologia di produzione per avvicinarsi il pi\u00f9 rapidamente possibile al prodotto industrializzato.<\/p>\n<p>La struttura di HTL consente inoltre di passare dallo sviluppo del progetto alla produzione con elevata reattivit\u00e0, garantendo tempistiche realizzative di estrema rapidit\u00e0.<\/p>\n<\/div><\/div><\/div><div class=\"fusion-layout-column fusion_builder_column fusion-builder-column-1 fusion_builder_column_1_2 1_2 fusion-flex-column fusion-flex-align-self-center\" style=\"--awb-bg-size:cover;--awb-width-large:50%;--awb-margin-top-large:15px;--awb-spacing-right-large:3.84%;--awb-margin-bottom-large:15px;--awb-spacing-left-large:3.84%;--awb-width-medium:50%;--awb-order-medium:0;--awb-spacing-right-medium:3.84%;--awb-spacing-left-medium:3.84%;--awb-width-small:100%;--awb-order-small:0;--awb-spacing-right-small:1.92%;--awb-spacing-left-small:1.92%;\"><div class=\"fusion-column-wrapper fusion-column-has-shadow fusion-flex-justify-content-center fusion-content-layout-column\"><div class=\"fusion-image-element \" style=\"--awb-caption-title-size:var(--h2_typography-font-size);--awb-caption-title-transform:var(--h2_typography-text-transform);--awb-caption-title-line-height:var(--h2_typography-line-height);--awb-caption-title-letter-spacing:var(--h2_typography-letter-spacing);\"><span class=\" fusion-imageframe imageframe-none imageframe-1 hover-type-none\"><img decoding=\"async\" width=\"1748\" height=\"1355\" src=\"https:\/\/www.htl.srl\/wp-content\/uploads\/2021\/01\/5.jpg\" alt class=\"img-responsive wp-image-1031\" srcset=\"https:\/\/www.htl.srl\/wp-content\/uploads\/2021\/01\/5-200x155.jpg 200w, https:\/\/www.htl.srl\/wp-content\/uploads\/2021\/01\/5-400x310.jpg 400w, https:\/\/www.htl.srl\/wp-content\/uploads\/2021\/01\/5-600x465.jpg 600w, https:\/\/www.htl.srl\/wp-content\/uploads\/2021\/01\/5-800x620.jpg 800w, https:\/\/www.htl.srl\/wp-content\/uploads\/2021\/01\/5-1200x930.jpg 1200w, https:\/\/www.htl.srl\/wp-content\/uploads\/2021\/01\/5.jpg 1748w\" sizes=\"(max-width: 640px) 100vw, 600px\" \/><\/span><\/div><\/div><\/div><\/div><\/div><div class=\"fusion-fullwidth fullwidth-box fusion-builder-row-2 fusion-flex-container nonhundred-percent-fullwidth non-hundred-percent-height-scrolling\" style=\"--awb-border-radius-top-left:0px;--awb-border-radius-top-right:0px;--awb-border-radius-bottom-right:0px;--awb-border-radius-bottom-left:0px;--awb-padding-right:0px;--awb-padding-left:0px;\" ><div class=\"fusion-builder-row fusion-row fusion-flex-align-items-flex-start\" style=\"max-width:1144px;margin-left: calc(-4% \/ 2 );margin-right: calc(-4% \/ 2 );\"><div class=\"fusion-layout-column fusion_builder_column fusion-builder-column-2 fusion_builder_column_1_2 1_2 fusion-flex-column fusion-flex-align-self-center\" style=\"--awb-bg-size:cover;--awb-width-large:50%;--awb-margin-top-large:15px;--awb-spacing-right-large:3.84%;--awb-margin-bottom-large:15px;--awb-spacing-left-large:3.84%;--awb-width-medium:50%;--awb-order-medium:0;--awb-spacing-right-medium:3.84%;--awb-spacing-left-medium:3.84%;--awb-width-small:100%;--awb-order-small:0;--awb-spacing-right-small:1.92%;--awb-spacing-left-small:1.92%;\"><div class=\"fusion-column-wrapper fusion-column-has-shadow fusion-flex-justify-content-center fusion-content-layout-column\"><div class=\"fusion-image-element \" style=\"--awb-caption-title-size:var(--h2_typography-font-size);--awb-caption-title-transform:var(--h2_typography-text-transform);--awb-caption-title-line-height:var(--h2_typography-line-height);--awb-caption-title-letter-spacing:var(--h2_typography-letter-spacing);\"><span class=\" fusion-imageframe imageframe-none imageframe-2 hover-type-none\"><img decoding=\"async\" width=\"1600\" height=\"1200\" src=\"https:\/\/www.htl.srl\/wp-content\/uploads\/2021\/01\/1-forno-statico.jpg\" alt class=\"img-responsive wp-image-1027\" srcset=\"https:\/\/www.htl.srl\/wp-content\/uploads\/2021\/01\/1-forno-statico-200x150.jpg 200w, https:\/\/www.htl.srl\/wp-content\/uploads\/2021\/01\/1-forno-statico-400x300.jpg 400w, https:\/\/www.htl.srl\/wp-content\/uploads\/2021\/01\/1-forno-statico-600x450.jpg 600w, https:\/\/www.htl.srl\/wp-content\/uploads\/2021\/01\/1-forno-statico-800x600.jpg 800w, https:\/\/www.htl.srl\/wp-content\/uploads\/2021\/01\/1-forno-statico-1200x900.jpg 1200w, https:\/\/www.htl.srl\/wp-content\/uploads\/2021\/01\/1-forno-statico.jpg 1600w\" sizes=\"(max-width: 640px) 100vw, 600px\" \/><\/span><\/div><\/div><\/div><div class=\"fusion-layout-column fusion_builder_column fusion-builder-column-3 fusion_builder_column_1_2 1_2 fusion-flex-column\" style=\"--awb-bg-size:cover;--awb-width-large:50%;--awb-margin-top-large:15px;--awb-spacing-right-large:3.84%;--awb-margin-bottom-large:15px;--awb-spacing-left-large:3.84%;--awb-width-medium:50%;--awb-order-medium:0;--awb-spacing-right-medium:3.84%;--awb-spacing-left-medium:3.84%;--awb-width-small:100%;--awb-order-small:0;--awb-spacing-right-small:1.92%;--awb-spacing-left-small:1.92%;\"><div class=\"fusion-column-wrapper fusion-column-has-shadow fusion-flex-justify-content-flex-start fusion-content-layout-column\"><div class=\"fusion-text fusion-text-2\"><h4><span style=\"text-decoration: underline;\"><strong id=\"2\">TOTALE GESTIONE INTERNA<\/strong><\/span><\/h4>\n<p>Per il pieno controllo e la tracciabilit\u00e0 dell\u2019intero processo produttivo <strong>gestiamo internamente<\/strong> tutta la fase di preparazione della materia prima, dalla fusione a titolo alla produzione del componente richiesto.<\/p>\n<p>HTL ha un moderno reparto fusione costituito da <strong>forni a colata continua con doppio induttore<\/strong> per la produzione di tubo, lastra e filo.<\/p>\n<p>Tutto il materiale prodotto internamente viene sottoposto ad appositi trattamenti termici e meccanici attraverso forni di ricottura a tunnel, a nastro e a caduta e successive lavorazioni di trafilatura e\/o laminazione.<\/p>\n<p>L\u2019azienda inoltre \u00e8 equipaggiata per la <strong>progettazione e produzione<\/strong> di tutte le attrezzature idonee ai relativi piazzamenti in macchina.<\/p>\n<\/div><\/div><\/div><\/div><\/div><div class=\"fusion-fullwidth fullwidth-box fusion-builder-row-3 fusion-flex-container nonhundred-percent-fullwidth non-hundred-percent-height-scrolling\" style=\"--awb-border-radius-top-left:0px;--awb-border-radius-top-right:0px;--awb-border-radius-bottom-right:0px;--awb-border-radius-bottom-left:0px;--awb-padding-right:0px;--awb-padding-left:0px;\" ><div class=\"fusion-builder-row fusion-row fusion-flex-align-items-flex-start\" style=\"max-width:1144px;margin-left: calc(-4% \/ 2 );margin-right: calc(-4% \/ 2 );\"><div class=\"fusion-layout-column fusion_builder_column fusion-builder-column-4 fusion_builder_column_1_2 1_2 fusion-flex-column\" style=\"--awb-bg-size:cover;--awb-width-large:50%;--awb-margin-top-large:15px;--awb-spacing-right-large:3.84%;--awb-margin-bottom-large:15px;--awb-spacing-left-large:3.84%;--awb-width-medium:50%;--awb-order-medium:0;--awb-spacing-right-medium:3.84%;--awb-spacing-left-medium:3.84%;--awb-width-small:100%;--awb-order-small:0;--awb-spacing-right-small:1.92%;--awb-spacing-left-small:1.92%;\"><div class=\"fusion-column-wrapper fusion-column-has-shadow fusion-flex-justify-content-flex-start fusion-content-layout-column\"><div class=\"fusion-text fusion-text-3\"><h4 data-fontsize=\"18\" style=\"--fontSize: 18; line-height: 1.32; --minFontSize: 18;\" data-lineheight=\"23.76px\" class=\"fusion-responsive-typography-calculated\"><a href=\"#3\"><span style=\"text-decoration: underline;\"><strong id=\"3\">REPARTO PRODUZIONE CNC<\/strong><\/span><\/a><\/h4>\n<p>Il grande potenziale produttivo di HTL risiede nel suo core business, ossia nella divisione produttiva costituita da 24 centri di controllo numerico di ultima generazione quali Benzinger, Bumotec, Dmg Mori, Doosan, Fanuc, singolarmente customizzati per poter rispondere alle esigenze tecnico\/produttive pi\u00f9 complesse!<\/p>\n<p>Parte del nostro reparto produttivo \u00e8 stato inoltre strutturato per poter <strong>lavorare su pi\u00f9 turni<\/strong>, incrementando ulteriormente la capacit\u00e0 produttiva dell\u2019azienda per poter rispondere con la massima reattivit\u00e0 alle necessit\u00e0 dei suoi clienti.<\/p>\n<\/div><\/div><\/div><div class=\"fusion-layout-column fusion_builder_column fusion-builder-column-5 fusion_builder_column_1_2 1_2 fusion-flex-column fusion-flex-align-self-center\" style=\"--awb-bg-size:cover;--awb-width-large:50%;--awb-margin-top-large:15px;--awb-spacing-right-large:3.84%;--awb-margin-bottom-large:15px;--awb-spacing-left-large:3.84%;--awb-width-medium:50%;--awb-order-medium:0;--awb-spacing-right-medium:3.84%;--awb-spacing-left-medium:3.84%;--awb-width-small:100%;--awb-order-small:0;--awb-spacing-right-small:1.92%;--awb-spacing-left-small:1.92%;\"><div class=\"fusion-column-wrapper fusion-column-has-shadow fusion-flex-justify-content-center fusion-content-layout-column\"><div class=\"fusion-image-element \" style=\"--awb-caption-title-size:var(--h2_typography-font-size);--awb-caption-title-transform:var(--h2_typography-text-transform);--awb-caption-title-line-height:var(--h2_typography-line-height);--awb-caption-title-letter-spacing:var(--h2_typography-letter-spacing);\"><span class=\" fusion-imageframe imageframe-none imageframe-3 hover-type-none\"><img decoding=\"async\" width=\"1024\" height=\"552\" title=\"IMG_1_1\" src=\"https:\/\/www.htl.srl\/wp-content\/uploads\/2022\/02\/IMG_1_1-1024x552.jpg\" alt class=\"img-responsive wp-image-1244\" srcset=\"https:\/\/www.htl.srl\/wp-content\/uploads\/2022\/02\/IMG_1_1-200x108.jpg 200w, https:\/\/www.htl.srl\/wp-content\/uploads\/2022\/02\/IMG_1_1-400x215.jpg 400w, https:\/\/www.htl.srl\/wp-content\/uploads\/2022\/02\/IMG_1_1-600x323.jpg 600w, https:\/\/www.htl.srl\/wp-content\/uploads\/2022\/02\/IMG_1_1-800x431.jpg 800w, https:\/\/www.htl.srl\/wp-content\/uploads\/2022\/02\/IMG_1_1-1200x646.jpg 1200w, https:\/\/www.htl.srl\/wp-content\/uploads\/2022\/02\/IMG_1_1.jpg 1394w\" sizes=\"(max-width: 640px) 100vw, 600px\" \/><\/span><\/div><\/div><\/div><\/div><\/div><div class=\"fusion-fullwidth fullwidth-box fusion-builder-row-4 fusion-flex-container nonhundred-percent-fullwidth non-hundred-percent-height-scrolling\" style=\"--awb-border-radius-top-left:0px;--awb-border-radius-top-right:0px;--awb-border-radius-bottom-right:0px;--awb-border-radius-bottom-left:0px;--awb-padding-right:0px;--awb-padding-left:0px;\" ><div class=\"fusion-builder-row fusion-row fusion-flex-align-items-flex-start\" style=\"max-width:1144px;margin-left: calc(-4% \/ 2 );margin-right: calc(-4% \/ 2 );\"><div class=\"fusion-layout-column fusion_builder_column fusion-builder-column-6 fusion_builder_column_1_2 1_2 fusion-flex-column fusion-flex-align-self-center\" style=\"--awb-bg-size:cover;--awb-width-large:50%;--awb-margin-top-large:15px;--awb-spacing-right-large:3.84%;--awb-margin-bottom-large:15px;--awb-spacing-left-large:3.84%;--awb-width-medium:50%;--awb-order-medium:0;--awb-spacing-right-medium:3.84%;--awb-spacing-left-medium:3.84%;--awb-width-small:100%;--awb-order-small:0;--awb-spacing-right-small:1.92%;--awb-spacing-left-small:1.92%;\"><div class=\"fusion-column-wrapper fusion-column-has-shadow fusion-flex-justify-content-center fusion-content-layout-column\"><div class=\"fusion-image-element \" style=\"--awb-caption-title-size:var(--h2_typography-font-size);--awb-caption-title-transform:var(--h2_typography-text-transform);--awb-caption-title-line-height:var(--h2_typography-line-height);--awb-caption-title-letter-spacing:var(--h2_typography-letter-spacing);\"><span class=\" fusion-imageframe imageframe-none imageframe-4 hover-type-none\"><img decoding=\"async\" width=\"2560\" height=\"1824\" src=\"https:\/\/www.htl.srl\/wp-content\/uploads\/2021\/01\/45-cnc-scaled.jpg\" alt class=\"img-responsive wp-image-1047\" srcset=\"https:\/\/www.htl.srl\/wp-content\/uploads\/2021\/01\/45-cnc-200x142.jpg 200w, https:\/\/www.htl.srl\/wp-content\/uploads\/2021\/01\/45-cnc-400x285.jpg 400w, https:\/\/www.htl.srl\/wp-content\/uploads\/2021\/01\/45-cnc-600x427.jpg 600w, https:\/\/www.htl.srl\/wp-content\/uploads\/2021\/01\/45-cnc-800x570.jpg 800w, https:\/\/www.htl.srl\/wp-content\/uploads\/2021\/01\/45-cnc-1200x855.jpg 1200w, https:\/\/www.htl.srl\/wp-content\/uploads\/2021\/01\/45-cnc-scaled.jpg 2560w\" sizes=\"(max-width: 640px) 100vw, 600px\" \/><\/span><\/div><\/div><\/div><div class=\"fusion-layout-column fusion_builder_column fusion-builder-column-7 fusion_builder_column_1_2 1_2 fusion-flex-column\" style=\"--awb-bg-size:cover;--awb-width-large:50%;--awb-margin-top-large:15px;--awb-spacing-right-large:3.84%;--awb-margin-bottom-large:15px;--awb-spacing-left-large:3.84%;--awb-width-medium:50%;--awb-order-medium:0;--awb-spacing-right-medium:3.84%;--awb-spacing-left-medium:3.84%;--awb-width-small:100%;--awb-order-small:0;--awb-spacing-right-small:1.92%;--awb-spacing-left-small:1.92%;\"><div class=\"fusion-column-wrapper fusion-column-has-shadow fusion-flex-justify-content-flex-start fusion-content-layout-column\"><div class=\"fusion-text fusion-text-4\"><h4><a href=\"#4\"><span style=\"text-decoration: underline;\"><strong id=\"4\">CONTROLLO QUALITA\u2019 e TRACCIABILITA\u2019<\/strong><\/span><\/a><\/h4>\n<p>Il processo di controllo viene eseguito lungo tutte le fasi del processo produttivo. Per questo ci avvaliamo dei pi\u00f9 moderni strumenti per la verifica degli standard richiesti.<\/p>\n<p>La tracciabilit\u00e0 dell\u2019intero processo produttivo \u00e8 ottenuta <strong>integrando dati e processi interni<\/strong> in un pi\u00f9 ampio sistema di scambio di informazioni attraverso processi di controllo connessi fra i vari reparti dell&#8217;azienda.<\/p>\n<p>Il nostro sistema tracciante garantisce ai nostri clienti il massimo controllo e la verifica di ogni step produttivo.<\/p>\n<p>Abbiamo sviluppato e investito su specifiche procedure e strumenti per il controllo qualit\u00e0 atti a prevenire qualsiasi tipo di problema che si potrebbe presentare sul prodotto finito. La <strong>standardizzazione e replicabilit\u00e0<\/strong> dei risultati \u00e8 alla base della nostra cultura aziendale come espressione di <strong>eccellenza e fiducia<\/strong> nei progetti affidatici dai nostri clienti.<\/p>\n<\/div><\/div><\/div><\/div><\/div><div class=\"fusion-fullwidth fullwidth-box fusion-builder-row-5 fusion-flex-container nonhundred-percent-fullwidth non-hundred-percent-height-scrolling\" style=\"--awb-border-radius-top-left:0px;--awb-border-radius-top-right:0px;--awb-border-radius-bottom-right:0px;--awb-border-radius-bottom-left:0px;--awb-padding-right:0px;--awb-padding-left:0px;\" ><div class=\"fusion-builder-row fusion-row fusion-flex-align-items-flex-start\" style=\"max-width:1144px;margin-left: calc(-4% \/ 2 );margin-right: calc(-4% \/ 2 );\"><div class=\"fusion-layout-column fusion_builder_column fusion-builder-column-8 fusion_builder_column_1_2 1_2 fusion-flex-column\" style=\"--awb-bg-size:cover;--awb-width-large:50%;--awb-margin-top-large:15px;--awb-spacing-right-large:3.84%;--awb-margin-bottom-large:15px;--awb-spacing-left-large:3.84%;--awb-width-medium:50%;--awb-order-medium:0;--awb-spacing-right-medium:3.84%;--awb-spacing-left-medium:3.84%;--awb-width-small:100%;--awb-order-small:0;--awb-spacing-right-small:1.92%;--awb-spacing-left-small:1.92%;\"><div class=\"fusion-column-wrapper fusion-column-has-shadow fusion-flex-justify-content-flex-start fusion-content-layout-column\"><div class=\"fusion-text fusion-text-5\"><h4><a href=\"#5\"><span style=\"text-decoration: underline;\"><strong id=\"5\">COMPLETAMENTO E FINITURA<\/strong><\/span><\/a><\/h4>\n<p>Siamo <strong>garanzia di eccellenza<\/strong> e Tailor made fino alla realizzazione del prodotto finito.<\/p>\n<p>Una manodopera altamente <strong>specializzata<\/strong> insieme a una solida <strong>esperienza<\/strong> nel settore dell&#8217;alta gioielleria \u00e8 in grado di accompagnare il progetto fino alla sua realizzazione finale.<\/p>\n<\/div><\/div><\/div><div class=\"fusion-layout-column fusion_builder_column fusion-builder-column-9 fusion_builder_column_1_2 1_2 fusion-flex-column fusion-flex-align-self-center\" style=\"--awb-bg-size:cover;--awb-width-large:50%;--awb-margin-top-large:15px;--awb-spacing-right-large:3.84%;--awb-margin-bottom-large:15px;--awb-spacing-left-large:3.84%;--awb-width-medium:50%;--awb-order-medium:0;--awb-spacing-right-medium:3.84%;--awb-spacing-left-medium:3.84%;--awb-width-small:100%;--awb-order-small:0;--awb-spacing-right-small:1.92%;--awb-spacing-left-small:1.92%;\"><div class=\"fusion-column-wrapper fusion-column-has-shadow fusion-flex-justify-content-center fusion-content-layout-column\"><div class=\"fusion-image-element \" style=\"--awb-caption-title-size:var(--h2_typography-font-size);--awb-caption-title-transform:var(--h2_typography-text-transform);--awb-caption-title-line-height:var(--h2_typography-line-height);--awb-caption-title-letter-spacing:var(--h2_typography-letter-spacing);\"><span class=\" fusion-imageframe imageframe-none imageframe-5 hover-type-none\"><img decoding=\"async\" width=\"742\" height=\"557\" src=\"https:\/\/www.htl.srl\/wp-content\/uploads\/2021\/01\/FINITURA-4-WEB3.jpg\" alt class=\"img-responsive wp-image-1130\" srcset=\"https:\/\/www.htl.srl\/wp-content\/uploads\/2021\/01\/FINITURA-4-WEB3-200x150.jpg 200w, https:\/\/www.htl.srl\/wp-content\/uploads\/2021\/01\/FINITURA-4-WEB3-400x300.jpg 400w, https:\/\/www.htl.srl\/wp-content\/uploads\/2021\/01\/FINITURA-4-WEB3-600x450.jpg 600w, https:\/\/www.htl.srl\/wp-content\/uploads\/2021\/01\/FINITURA-4-WEB3.jpg 742w\" sizes=\"(max-width: 640px) 100vw, 600px\" \/><\/span><\/div><\/div><\/div><\/div><\/div><\/p>\n","protected":false},"excerpt":{"rendered":"","protected":false},"author":1,"featured_media":0,"parent":0,"menu_order":0,"comment_status":"closed","ping_status":"closed","template":"","meta":{"footnotes":""},"class_list":["post-15","page","type-page","status-publish","hentry"],"_links":{"self":[{"href":"https:\/\/www.htl.srl\/index.php\/wp-json\/wp\/v2\/pages\/15","targetHints":{"allow":["GET"]}}],"collection":[{"href":"https:\/\/www.htl.srl\/index.php\/wp-json\/wp\/v2\/pages"}],"about":[{"href":"https:\/\/www.htl.srl\/index.php\/wp-json\/wp\/v2\/types\/page"}],"author":[{"embeddable":true,"href":"https:\/\/www.htl.srl\/index.php\/wp-json\/wp\/v2\/users\/1"}],"replies":[{"embeddable":true,"href":"https:\/\/www.htl.srl\/index.php\/wp-json\/wp\/v2\/comments?post=15"}],"version-history":[{"count":58,"href":"https:\/\/www.htl.srl\/index.php\/wp-json\/wp\/v2\/pages\/15\/revisions"}],"predecessor-version":[{"id":1325,"href":"https:\/\/www.htl.srl\/index.php\/wp-json\/wp\/v2\/pages\/15\/revisions\/1325"}],"wp:attachment":[{"href":"https:\/\/www.htl.srl\/index.php\/wp-json\/wp\/v2\/media?parent=15"}],"curies":[{"name":"wp","href":"https:\/\/api.w.org\/{rel}","templated":true}]}}