{"id":28,"date":"2020-07-23T10:12:50","date_gmt":"2020-07-23T10:12:50","guid":{"rendered":"http:\/\/www.htl.srl\/?page_id=28"},"modified":"2025-07-15T17:07:18","modified_gmt":"2025-07-15T17:07:18","slug":"chi-siamo","status":"publish","type":"page","link":"https:\/\/www.htl.srl\/index.php\/chi-siamo\/","title":{"rendered":"CHI SIAMO&#8230;"},"content":{"rendered":"<div class=\"fusion-fullwidth fullwidth-box fusion-builder-row-1 fusion-flex-container nonhundred-percent-fullwidth non-hundred-percent-height-scrolling\" style=\"--awb-border-radius-top-left:0px;--awb-border-radius-top-right:0px;--awb-border-radius-bottom-right:0px;--awb-border-radius-bottom-left:0px;--awb-padding-top:0px;--awb-padding-right:0px;--awb-padding-left:0px;\" ><div class=\"fusion-builder-row fusion-row fusion-flex-align-items-center fusion-flex-justify-content-center\" style=\"max-width:1144px;margin-left: calc(-4% \/ 2 );margin-right: calc(-4% \/ 2 );\"><div class=\"fusion-layout-column fusion_builder_column fusion-builder-column-0 fusion_builder_column_1_1 1_1 fusion-flex-column\" style=\"--awb-bg-size:cover;--awb-width-large:100%;--awb-margin-top-large:0px;--awb-spacing-right-large:1.92%;--awb-margin-bottom-large:15px;--awb-spacing-left-large:1.92%;--awb-width-medium:100%;--awb-spacing-right-medium:1.92%;--awb-spacing-left-medium:1.92%;--awb-width-small:100%;--awb-spacing-right-small:1.92%;--awb-spacing-left-small:1.92%;\"><div class=\"fusion-column-wrapper fusion-column-has-shadow fusion-flex-justify-content-center fusion-content-layout-column\"><div class=\"fusion-title title fusion-title-1 fusion-sep-none fusion-title-text fusion-title-size-three\"><h3 class=\"title-heading-left fusion-responsive-typography-calculated\" style=\"margin:0;--fontSize:45;line-height:1.08;\"><p style=\"text-align: left;\">Chi siamo&#8230;<\/p><\/h3><\/div><div class=\"fusion-text fusion-text-1\"><p><strong>HTL<\/strong> rappresenta una realt\u00e0 di riferimento per la progettazione e produzione di componenti di gioielleria \u201chaut de gamme\u201d prodotti con i pi\u00f9 moderni sistemi di <strong>lavorazione meccanica CNC<\/strong>.<\/p>\n<p>Mettiamo a disposizione dei nostri clienti un solido \u201cknow-how\u201d sviluppato in oltre vent\u2019anni di esperienza nella realizzazione di innumerevoli progetti per importanti brand del lusso.<\/p>\n<p>Il principale fattore di unicit\u00e0 dell\u2019azienda risiede nella sua struttura produttiva e nelle competenze sviluppate per poterne trarre tutto il suo potenziale.<\/p>\n<p>L\u2019organizzazione aziendale di <strong>HTL<\/strong> fa della <strong>flessibilit\u00e0<\/strong> e del costante <strong>controllo di processo<\/strong> i capisaldi per il rispetto dei requisiti di qualit\u00e0 prodotto e delle tempistiche di realizzazione concordate con il cliente.<\/p>\n<p>HTL presenta inoltre uno dei comparti produttivi pi\u00f9 completi nel settore, studiato e customizzato per poter realizzare la pi\u00f9 ampia gamma di componenti nel rispetto dei pi\u00f9 alti standard qualitativi.<\/p>\n<\/div><div class=\"awb-gallery-wrapper awb-gallery-wrapper-1 button-span-no\"><div style=\"margin:0px;--awb-bordersize:0px;\" class=\"fusion-gallery fusion-gallery-container fusion-grid-5 fusion-columns-total-25 fusion-gallery-layout-grid fusion-gallery-1\"><div style=\"padding:0.5px;\" class=\"fusion-grid-column fusion-gallery-column fusion-gallery-column-5 hover-type-none\"><div class=\"fusion-gallery-image\"><a href=\"https:\/\/www.htl.srl\/wp-content\/uploads\/2025\/07\/IMG_4530-scaled.jpg\" rel=\"noreferrer\" data-rel=\"iLightbox[gallery_image_1]\" class=\"fusion-lightbox\" target=\"_self\"><img decoding=\"async\" src=\"https:\/\/www.htl.srl\/wp-content\/uploads\/2025\/07\/IMG_4530-320x202.jpg\" width=\"320\" height=\"202\" alt=\"\" title=\"Screenshot\" aria-label=\"Screenshot\" class=\"img-responsive wp-image-1331 fusion-gallery-image-size-fixed\" srcset=\"https:\/\/www.htl.srl\/wp-content\/uploads\/2025\/07\/IMG_4530-320x202.jpg 320w, https:\/\/www.htl.srl\/wp-content\/uploads\/2025\/07\/IMG_4530-700x441.jpg 700w\" sizes=\"(max-width: 320px) 100vw, 320px\" \/><\/a><\/div><\/div><div style=\"padding:0.5px;\" class=\"fusion-grid-column fusion-gallery-column fusion-gallery-column-5 hover-type-none\"><div class=\"fusion-gallery-image\"><a href=\"https:\/\/www.htl.srl\/wp-content\/uploads\/2025\/07\/IMG_4392_OK-scaled.jpg\" rel=\"noreferrer\" data-rel=\"iLightbox[gallery_image_1]\" class=\"fusion-lightbox\" target=\"_self\"><img decoding=\"async\" src=\"https:\/\/www.htl.srl\/wp-content\/uploads\/2025\/07\/IMG_4392_OK-320x202.jpg\" width=\"320\" height=\"202\" alt=\"\" title=\"IMG_4392_OK\" aria-label=\"IMG_4392_OK\" class=\"img-responsive wp-image-1334 fusion-gallery-image-size-fixed\" srcset=\"https:\/\/www.htl.srl\/wp-content\/uploads\/2025\/07\/IMG_4392_OK-320x202.jpg 320w, https:\/\/www.htl.srl\/wp-content\/uploads\/2025\/07\/IMG_4392_OK-700x441.jpg 700w\" sizes=\"(max-width: 320px) 100vw, 320px\" \/><\/a><\/div><\/div><div style=\"padding:0.5px;\" class=\"fusion-grid-column fusion-gallery-column fusion-gallery-column-5 hover-type-none\"><div class=\"fusion-gallery-image\"><a href=\"https:\/\/www.htl.srl\/wp-content\/uploads\/2025\/07\/IMG_4403_OK.jpg\" rel=\"noreferrer\" data-rel=\"iLightbox[gallery_image_1]\" class=\"fusion-lightbox\" target=\"_self\"><img decoding=\"async\" src=\"https:\/\/www.htl.srl\/wp-content\/uploads\/2025\/07\/IMG_4403_OK-320x202.jpg\" width=\"320\" height=\"202\" alt=\"\" title=\"IMG_4403_OK\" aria-label=\"IMG_4403_OK\" class=\"img-responsive wp-image-1332 fusion-gallery-image-size-fixed\" srcset=\"https:\/\/www.htl.srl\/wp-content\/uploads\/2025\/07\/IMG_4403_OK-200x125.jpg 200w, https:\/\/www.htl.srl\/wp-content\/uploads\/2025\/07\/IMG_4403_OK-400x251.jpg 400w, https:\/\/www.htl.srl\/wp-content\/uploads\/2025\/07\/IMG_4403_OK-600x376.jpg 600w, https:\/\/www.htl.srl\/wp-content\/uploads\/2025\/07\/IMG_4403_OK-1200x752.jpg 1200w\" sizes=\"(min-width: 2200px) 100vw, (min-width: 848px) 220px, (min-width: 796px) 275px, (min-width: 744px) 367px, (min-width: 692px) 550px, (min-width: 640px) 692px, \" \/><\/a><\/div><\/div><div style=\"padding:0.5px;\" class=\"fusion-grid-column fusion-gallery-column fusion-gallery-column-5 hover-type-none\"><div class=\"fusion-gallery-image\"><a href=\"https:\/\/www.htl.srl\/wp-content\/uploads\/2025\/07\/IMG_4399_OK-scaled.jpg\" rel=\"noreferrer\" data-rel=\"iLightbox[gallery_image_1]\" class=\"fusion-lightbox\" target=\"_self\"><img decoding=\"async\" src=\"https:\/\/www.htl.srl\/wp-content\/uploads\/2025\/07\/IMG_4399_OK-320x202.jpg\" width=\"320\" height=\"202\" alt=\"\" title=\"IMG_4399_OK\" aria-label=\"IMG_4399_OK\" class=\"img-responsive wp-image-1347 fusion-gallery-image-size-fixed\" srcset=\"https:\/\/www.htl.srl\/wp-content\/uploads\/2025\/07\/IMG_4399_OK-200x125.jpg 200w, https:\/\/www.htl.srl\/wp-content\/uploads\/2025\/07\/IMG_4399_OK-400x251.jpg 400w, https:\/\/www.htl.srl\/wp-content\/uploads\/2025\/07\/IMG_4399_OK-600x376.jpg 600w, https:\/\/www.htl.srl\/wp-content\/uploads\/2025\/07\/IMG_4399_OK-800x502.jpg 800w, https:\/\/www.htl.srl\/wp-content\/uploads\/2025\/07\/IMG_4399_OK-1200x753.jpg 1200w\" sizes=\"(min-width: 2200px) 100vw, (min-width: 848px) 220px, (min-width: 796px) 275px, (min-width: 744px) 367px, (min-width: 692px) 550px, (min-width: 640px) 692px, \" \/><\/a><\/div><\/div><div style=\"padding:0.5px;\" class=\"fusion-grid-column fusion-gallery-column fusion-gallery-column-5 hover-type-none\"><div class=\"fusion-gallery-image\"><a href=\"https:\/\/www.htl.srl\/wp-content\/uploads\/2025\/07\/IMG_4405.jpg\" rel=\"noreferrer\" data-rel=\"iLightbox[gallery_image_1]\" class=\"fusion-lightbox\" target=\"_self\"><img decoding=\"async\" src=\"https:\/\/www.htl.srl\/wp-content\/uploads\/2025\/07\/IMG_4405-320x202.jpg\" width=\"320\" height=\"202\" alt=\"\" title=\"IMG_4405\" aria-label=\"IMG_4405\" class=\"img-responsive wp-image-1350 fusion-gallery-image-size-fixed\" srcset=\"https:\/\/www.htl.srl\/wp-content\/uploads\/2025\/07\/IMG_4405-320x202.jpg 320w, https:\/\/www.htl.srl\/wp-content\/uploads\/2025\/07\/IMG_4405-700x441.jpg 700w\" sizes=\"(max-width: 320px) 100vw, 320px\" \/><\/a><\/div><\/div><div class=\"clearfix\"><\/div><div style=\"padding:0.5px;\" class=\"fusion-grid-column fusion-gallery-column fusion-gallery-column-5 hover-type-none\"><div class=\"fusion-gallery-image\"><a href=\"https:\/\/www.htl.srl\/wp-content\/uploads\/2025\/07\/IMG_4398_OK-scaled.jpg\" rel=\"noreferrer\" data-rel=\"iLightbox[gallery_image_1]\" class=\"fusion-lightbox\" target=\"_self\"><img decoding=\"async\" src=\"https:\/\/www.htl.srl\/wp-content\/uploads\/2025\/07\/IMG_4398_OK-320x202.jpg\" width=\"320\" height=\"202\" alt=\"\" title=\"IMG_4398_OK\" aria-label=\"IMG_4398_OK\" class=\"img-responsive wp-image-1348 fusion-gallery-image-size-fixed\" srcset=\"https:\/\/www.htl.srl\/wp-content\/uploads\/2025\/07\/IMG_4398_OK-320x202.jpg 320w, https:\/\/www.htl.srl\/wp-content\/uploads\/2025\/07\/IMG_4398_OK-700x441.jpg 700w\" sizes=\"(max-width: 320px) 100vw, 320px\" \/><\/a><\/div><\/div><div style=\"padding:0.5px;\" class=\"fusion-grid-column fusion-gallery-column fusion-gallery-column-5 hover-type-none\"><div class=\"fusion-gallery-image\"><a href=\"https:\/\/www.htl.srl\/wp-content\/uploads\/2025\/07\/IMG_4484_OK.jpg\" rel=\"noreferrer\" data-rel=\"iLightbox[gallery_image_1]\" class=\"fusion-lightbox\" target=\"_self\"><img decoding=\"async\" src=\"https:\/\/www.htl.srl\/wp-content\/uploads\/2025\/07\/IMG_4484_OK-320x202.jpg\" width=\"320\" height=\"202\" alt=\"\" title=\"IMG_4484_OK\" aria-label=\"IMG_4484_OK\" class=\"img-responsive wp-image-1349 fusion-gallery-image-size-fixed\" srcset=\"https:\/\/www.htl.srl\/wp-content\/uploads\/2025\/07\/IMG_4484_OK-200x127.jpg 200w, https:\/\/www.htl.srl\/wp-content\/uploads\/2025\/07\/IMG_4484_OK-400x254.jpg 400w, https:\/\/www.htl.srl\/wp-content\/uploads\/2025\/07\/IMG_4484_OK-600x381.jpg 600w, https:\/\/www.htl.srl\/wp-content\/uploads\/2025\/07\/IMG_4484_OK-800x508.jpg 800w, https:\/\/www.htl.srl\/wp-content\/uploads\/2025\/07\/IMG_4484_OK-1200x762.jpg 1200w\" sizes=\"(min-width: 2200px) 100vw, (min-width: 848px) 220px, (min-width: 796px) 275px, (min-width: 744px) 367px, (min-width: 692px) 550px, (min-width: 640px) 692px, \" \/><\/a><\/div><\/div><div style=\"padding:0.5px;\" class=\"fusion-grid-column fusion-gallery-column fusion-gallery-column-5 hover-type-none\"><div class=\"fusion-gallery-image\"><a href=\"https:\/\/www.htl.srl\/wp-content\/uploads\/2022\/02\/logistica.jpg\" rel=\"noreferrer\" data-rel=\"iLightbox[gallery_image_1]\" class=\"fusion-lightbox\" target=\"_self\"><img decoding=\"async\" src=\"https:\/\/www.htl.srl\/wp-content\/uploads\/2022\/02\/logistica-320x202.jpg\" width=\"320\" height=\"202\" alt=\"\" title=\"logistica\" aria-label=\"logistica\" class=\"img-responsive wp-image-1252 fusion-gallery-image-size-fixed\" srcset=\"https:\/\/www.htl.srl\/wp-content\/uploads\/2022\/02\/logistica-320x202.jpg 320w, https:\/\/www.htl.srl\/wp-content\/uploads\/2022\/02\/logistica-700x441.jpg 700w\" sizes=\"(max-width: 320px) 100vw, 320px\" \/><\/a><\/div><\/div><div style=\"padding:0.5px;\" class=\"fusion-grid-column fusion-gallery-column fusion-gallery-column-5 hover-type-none\"><div class=\"fusion-gallery-image\"><a href=\"https:\/\/www.htl.srl\/wp-content\/uploads\/2025\/07\/IMG_4405_OK-scaled.jpg\" rel=\"noreferrer\" data-rel=\"iLightbox[gallery_image_1]\" class=\"fusion-lightbox\" target=\"_self\"><img decoding=\"async\" src=\"https:\/\/www.htl.srl\/wp-content\/uploads\/2025\/07\/IMG_4405_OK-320x202.jpg\" width=\"320\" height=\"202\" alt=\"\" title=\"IMG_4405_OK\" aria-label=\"IMG_4405_OK\" class=\"img-responsive wp-image-1358 fusion-gallery-image-size-fixed\" srcset=\"https:\/\/www.htl.srl\/wp-content\/uploads\/2025\/07\/IMG_4405_OK-320x202.jpg 320w, https:\/\/www.htl.srl\/wp-content\/uploads\/2025\/07\/IMG_4405_OK-700x441.jpg 700w\" sizes=\"(max-width: 320px) 100vw, 320px\" \/><\/a><\/div><\/div><div style=\"padding:0.5px;\" class=\"fusion-grid-column fusion-gallery-column fusion-gallery-column-5 hover-type-none\"><div class=\"fusion-gallery-image\"><a href=\"https:\/\/www.htl.srl\/wp-content\/uploads\/2025\/07\/IMG_4503-4.jpeg\" rel=\"noreferrer\" data-rel=\"iLightbox[gallery_image_1]\" class=\"fusion-lightbox\" target=\"_self\"><img decoding=\"async\" src=\"https:\/\/www.htl.srl\/wp-content\/uploads\/2025\/07\/IMG_4503-4-320x202.jpeg\" width=\"320\" height=\"202\" alt=\"\" title=\"IMG_4503 (4)\" aria-label=\"IMG_4503 (4)\" class=\"img-responsive wp-image-1357 fusion-gallery-image-size-fixed\" srcset=\"https:\/\/www.htl.srl\/wp-content\/uploads\/2025\/07\/IMG_4503-4-320x202.jpeg 320w, https:\/\/www.htl.srl\/wp-content\/uploads\/2025\/07\/IMG_4503-4-700x441.jpeg 700w\" sizes=\"(max-width: 320px) 100vw, 320px\" \/><\/a><\/div><\/div><div class=\"clearfix\"><\/div><div style=\"padding:0.5px;\" class=\"fusion-grid-column fusion-gallery-column fusion-gallery-column-5 hover-type-none\"><div class=\"fusion-gallery-image\"><a href=\"https:\/\/www.htl.srl\/wp-content\/uploads\/2021\/01\/1-forno-statico.jpg\" rel=\"noreferrer\" data-rel=\"iLightbox[gallery_image_1]\" class=\"fusion-lightbox\" target=\"_self\"><img decoding=\"async\" src=\"https:\/\/www.htl.srl\/wp-content\/uploads\/2021\/01\/1-forno-statico-320x202.jpg\" width=\"320\" height=\"202\" alt=\"\" title=\"\" aria-label=\"\" class=\"img-responsive wp-image-1027 fusion-gallery-image-size-fixed\" srcset=\"https:\/\/www.htl.srl\/wp-content\/uploads\/2021\/01\/1-forno-statico-320x202.jpg 320w, https:\/\/www.htl.srl\/wp-content\/uploads\/2021\/01\/1-forno-statico-700x441.jpg 700w\" sizes=\"(max-width: 320px) 100vw, 320px\" \/><\/a><\/div><\/div><div style=\"padding:0.5px;\" class=\"fusion-grid-column fusion-gallery-column fusion-gallery-column-5 hover-type-none\"><div class=\"fusion-gallery-image\"><a href=\"https:\/\/www.htl.srl\/wp-content\/uploads\/2021\/01\/2-colata-continua.jpg\" rel=\"noreferrer\" data-rel=\"iLightbox[gallery_image_1]\" class=\"fusion-lightbox\" target=\"_self\"><img decoding=\"async\" src=\"https:\/\/www.htl.srl\/wp-content\/uploads\/2021\/01\/2-colata-continua-320x202.jpg\" width=\"320\" height=\"202\" alt=\"\" title=\"\" aria-label=\"\" class=\"img-responsive wp-image-1028 fusion-gallery-image-size-fixed\" srcset=\"https:\/\/www.htl.srl\/wp-content\/uploads\/2021\/01\/2-colata-continua-320x202.jpg 320w, https:\/\/www.htl.srl\/wp-content\/uploads\/2021\/01\/2-colata-continua-700x441.jpg 700w\" sizes=\"(max-width: 320px) 100vw, 320px\" \/><\/a><\/div><\/div><div style=\"padding:0.5px;\" class=\"fusion-grid-column fusion-gallery-column fusion-gallery-column-5 hover-type-none\"><div class=\"fusion-gallery-image\"><a href=\"https:\/\/www.htl.srl\/wp-content\/uploads\/2021\/01\/3-colata-continua-doppio-induttore-1.jpg\" rel=\"noreferrer\" data-rel=\"iLightbox[gallery_image_1]\" class=\"fusion-lightbox\" target=\"_self\"><img decoding=\"async\" src=\"https:\/\/www.htl.srl\/wp-content\/uploads\/2021\/01\/3-colata-continua-doppio-induttore-1-320x202.jpg\" width=\"320\" height=\"202\" alt=\"\" title=\"\" aria-label=\"\" class=\"img-responsive wp-image-1218 fusion-gallery-image-size-fixed\" srcset=\"https:\/\/www.htl.srl\/wp-content\/uploads\/2021\/01\/3-colata-continua-doppio-induttore-1-320x202.jpg 320w, https:\/\/www.htl.srl\/wp-content\/uploads\/2021\/01\/3-colata-continua-doppio-induttore-1-700x441.jpg 700w\" sizes=\"(max-width: 320px) 100vw, 320px\" \/><\/a><\/div><\/div><div style=\"padding:0.5px;\" class=\"fusion-grid-column fusion-gallery-column fusion-gallery-column-5 hover-type-none\"><div class=\"fusion-gallery-image\"><a href=\"https:\/\/www.htl.srl\/wp-content\/uploads\/2022\/02\/IMG_7126_4.jpg\" rel=\"noreferrer\" data-rel=\"iLightbox[gallery_image_1]\" class=\"fusion-lightbox\" target=\"_self\"><img decoding=\"async\" src=\"https:\/\/www.htl.srl\/wp-content\/uploads\/2022\/02\/IMG_7126_4-320x202.jpg\" width=\"320\" height=\"202\" alt=\"\" title=\"IMG_7126_4\" aria-label=\"IMG_7126_4\" class=\"img-responsive wp-image-1269 fusion-gallery-image-size-fixed\" srcset=\"https:\/\/www.htl.srl\/wp-content\/uploads\/2022\/02\/IMG_7126_4-320x202.jpg 320w, https:\/\/www.htl.srl\/wp-content\/uploads\/2022\/02\/IMG_7126_4-700x441.jpg 700w\" sizes=\"(max-width: 320px) 100vw, 320px\" \/><\/a><\/div><\/div><div style=\"padding:0.5px;\" class=\"fusion-grid-column fusion-gallery-column fusion-gallery-column-5 hover-type-none\"><div class=\"fusion-gallery-image\"><a href=\"https:\/\/www.htl.srl\/wp-content\/uploads\/2021\/01\/9-pressa-idraulica-1.jpg\" rel=\"noreferrer\" data-rel=\"iLightbox[gallery_image_1]\" class=\"fusion-lightbox\" target=\"_self\"><img decoding=\"async\" src=\"https:\/\/www.htl.srl\/wp-content\/uploads\/2021\/01\/9-pressa-idraulica-1-320x202.jpg\" width=\"320\" height=\"202\" alt=\"\" title=\"\" aria-label=\"\" class=\"img-responsive wp-image-1219 fusion-gallery-image-size-fixed\" srcset=\"https:\/\/www.htl.srl\/wp-content\/uploads\/2021\/01\/9-pressa-idraulica-1-320x202.jpg 320w, https:\/\/www.htl.srl\/wp-content\/uploads\/2021\/01\/9-pressa-idraulica-1-700x441.jpg 700w\" sizes=\"(max-width: 320px) 100vw, 320px\" \/><\/a><\/div><\/div><div class=\"clearfix\"><\/div><div style=\"padding:0.5px;\" class=\"fusion-grid-column fusion-gallery-column fusion-gallery-column-5 hover-type-none\"><div class=\"fusion-gallery-image\"><a href=\"https:\/\/www.htl.srl\/wp-content\/uploads\/2021\/01\/5-trafilatura-1-scaled-e1645203132314.jpg\" rel=\"noreferrer\" data-rel=\"iLightbox[gallery_image_1]\" class=\"fusion-lightbox\" target=\"_self\"><img decoding=\"async\" src=\"https:\/\/www.htl.srl\/wp-content\/uploads\/2021\/01\/5-trafilatura-1-scaled-e1645203132314-320x202.jpg\" width=\"320\" height=\"202\" alt=\"\" title=\"5-trafilatura-1-scaled\" aria-label=\"5-trafilatura-1-scaled\" class=\"img-responsive wp-image-1220 fusion-gallery-image-size-fixed\" srcset=\"https:\/\/www.htl.srl\/wp-content\/uploads\/2021\/01\/5-trafilatura-1-scaled-e1645203132314-320x202.jpg 320w, https:\/\/www.htl.srl\/wp-content\/uploads\/2021\/01\/5-trafilatura-1-scaled-e1645203132314-700x441.jpg 700w\" sizes=\"(max-width: 320px) 100vw, 320px\" \/><\/a><\/div><\/div><div style=\"padding:0.5px;\" class=\"fusion-grid-column fusion-gallery-column fusion-gallery-column-5 hover-type-none\"><div class=\"fusion-gallery-image\"><a href=\"https:\/\/www.htl.srl\/wp-content\/uploads\/2022\/02\/IMG_1_1.jpg\" rel=\"noreferrer\" data-rel=\"iLightbox[gallery_image_1]\" class=\"fusion-lightbox\" target=\"_self\"><img decoding=\"async\" src=\"https:\/\/www.htl.srl\/wp-content\/uploads\/2022\/02\/IMG_1_1-320x202.jpg\" width=\"320\" height=\"202\" alt=\"\" title=\"IMG_1_1\" aria-label=\"IMG_1_1\" class=\"img-responsive wp-image-1244 fusion-gallery-image-size-fixed\" srcset=\"https:\/\/www.htl.srl\/wp-content\/uploads\/2022\/02\/IMG_1_1-320x202.jpg 320w, https:\/\/www.htl.srl\/wp-content\/uploads\/2022\/02\/IMG_1_1-700x441.jpg 700w\" sizes=\"(max-width: 320px) 100vw, 320px\" \/><\/a><\/div><\/div><div style=\"padding:0.5px;\" class=\"fusion-grid-column fusion-gallery-column fusion-gallery-column-5 hover-type-none\"><div class=\"fusion-gallery-image\"><a href=\"https:\/\/www.htl.srl\/wp-content\/uploads\/2022\/02\/IMG_1_2.jpg\" rel=\"noreferrer\" data-rel=\"iLightbox[gallery_image_1]\" class=\"fusion-lightbox\" target=\"_self\"><img decoding=\"async\" src=\"https:\/\/www.htl.srl\/wp-content\/uploads\/2022\/02\/IMG_1_2-320x202.jpg\" width=\"320\" height=\"202\" alt=\"\" title=\"IMG_1_2\" aria-label=\"IMG_1_2\" class=\"img-responsive wp-image-1245 fusion-gallery-image-size-fixed\" srcset=\"https:\/\/www.htl.srl\/wp-content\/uploads\/2022\/02\/IMG_1_2-320x202.jpg 320w, https:\/\/www.htl.srl\/wp-content\/uploads\/2022\/02\/IMG_1_2-700x441.jpg 700w\" sizes=\"(max-width: 320px) 100vw, 320px\" \/><\/a><\/div><\/div><div style=\"padding:0.5px;\" class=\"fusion-grid-column fusion-gallery-column fusion-gallery-column-5 hover-type-none\"><div class=\"fusion-gallery-image\"><a href=\"https:\/\/www.htl.srl\/wp-content\/uploads\/2025\/07\/IMG_4406_OK-scaled.jpg\" rel=\"noreferrer\" data-rel=\"iLightbox[gallery_image_1]\" class=\"fusion-lightbox\" target=\"_self\"><img decoding=\"async\" src=\"https:\/\/www.htl.srl\/wp-content\/uploads\/2025\/07\/IMG_4406_OK-320x202.jpg\" width=\"320\" height=\"202\" alt=\"\" title=\"IMG_4406_OK\" aria-label=\"IMG_4406_OK\" class=\"img-responsive wp-image-1351 fusion-gallery-image-size-fixed\" srcset=\"https:\/\/www.htl.srl\/wp-content\/uploads\/2025\/07\/IMG_4406_OK-320x202.jpg 320w, https:\/\/www.htl.srl\/wp-content\/uploads\/2025\/07\/IMG_4406_OK-700x441.jpg 700w\" sizes=\"(max-width: 320px) 100vw, 320px\" \/><\/a><\/div><\/div><div style=\"padding:0.5px;\" class=\"fusion-grid-column fusion-gallery-column fusion-gallery-column-5 hover-type-none\"><div class=\"fusion-gallery-image\"><a href=\"https:\/\/www.htl.srl\/wp-content\/uploads\/2022\/02\/fresatura_2.jpg\" rel=\"noreferrer\" data-rel=\"iLightbox[gallery_image_1]\" class=\"fusion-lightbox\" target=\"_self\"><img decoding=\"async\" src=\"https:\/\/www.htl.srl\/wp-content\/uploads\/2022\/02\/fresatura_2-320x202.jpg\" width=\"320\" height=\"202\" alt=\"\" title=\"fresatura_2\" aria-label=\"fresatura_2\" class=\"img-responsive wp-image-1250 fusion-gallery-image-size-fixed\" srcset=\"https:\/\/www.htl.srl\/wp-content\/uploads\/2022\/02\/fresatura_2-320x202.jpg 320w, https:\/\/www.htl.srl\/wp-content\/uploads\/2022\/02\/fresatura_2-700x441.jpg 700w\" sizes=\"(max-width: 320px) 100vw, 320px\" \/><\/a><\/div><\/div><div class=\"clearfix\"><\/div><div style=\"padding:0.5px;\" class=\"fusion-grid-column fusion-gallery-column fusion-gallery-column-5 hover-type-none\"><div class=\"fusion-gallery-image\"><a href=\"https:\/\/www.htl.srl\/wp-content\/uploads\/2025\/07\/IMG_4408_OK-scaled.jpg\" rel=\"noreferrer\" data-rel=\"iLightbox[gallery_image_1]\" class=\"fusion-lightbox\" target=\"_self\"><img decoding=\"async\" src=\"https:\/\/www.htl.srl\/wp-content\/uploads\/2025\/07\/IMG_4408_OK-320x202.jpg\" width=\"320\" height=\"202\" alt=\"\" title=\"IMG_4408_OK\" aria-label=\"IMG_4408_OK\" class=\"img-responsive wp-image-1356 fusion-gallery-image-size-fixed\" srcset=\"https:\/\/www.htl.srl\/wp-content\/uploads\/2025\/07\/IMG_4408_OK-320x202.jpg 320w, https:\/\/www.htl.srl\/wp-content\/uploads\/2025\/07\/IMG_4408_OK-700x441.jpg 700w\" sizes=\"(max-width: 320px) 100vw, 320px\" \/><\/a><\/div><\/div><div style=\"padding:0.5px;\" class=\"fusion-grid-column fusion-gallery-column fusion-gallery-column-5 hover-type-none\"><div class=\"fusion-gallery-image\"><a href=\"https:\/\/www.htl.srl\/wp-content\/uploads\/2025\/07\/IMG_4429_OK.jpg\" rel=\"noreferrer\" data-rel=\"iLightbox[gallery_image_1]\" class=\"fusion-lightbox\" target=\"_self\"><img decoding=\"async\" src=\"https:\/\/www.htl.srl\/wp-content\/uploads\/2025\/07\/IMG_4429_OK-320x202.jpg\" width=\"320\" height=\"202\" alt=\"\" title=\"IMG_4429_OK\" aria-label=\"IMG_4429_OK\" class=\"img-responsive wp-image-1354 fusion-gallery-image-size-fixed\" srcset=\"https:\/\/www.htl.srl\/wp-content\/uploads\/2025\/07\/IMG_4429_OK-320x202.jpg 320w, https:\/\/www.htl.srl\/wp-content\/uploads\/2025\/07\/IMG_4429_OK-700x441.jpg 700w\" sizes=\"(max-width: 320px) 100vw, 320px\" \/><\/a><\/div><\/div><div style=\"padding:0.5px;\" class=\"fusion-grid-column fusion-gallery-column fusion-gallery-column-5 hover-type-none\"><div class=\"fusion-gallery-image\"><a href=\"https:\/\/www.htl.srl\/wp-content\/uploads\/2025\/07\/IMG_4428_OK-scaled.jpg\" rel=\"noreferrer\" data-rel=\"iLightbox[gallery_image_1]\" class=\"fusion-lightbox\" target=\"_self\"><img decoding=\"async\" src=\"https:\/\/www.htl.srl\/wp-content\/uploads\/2025\/07\/IMG_4428_OK-320x202.jpg\" width=\"320\" height=\"202\" alt=\"\" title=\"IMG_4428_OK\" aria-label=\"IMG_4428_OK\" class=\"img-responsive wp-image-1353 fusion-gallery-image-size-fixed\" srcset=\"https:\/\/www.htl.srl\/wp-content\/uploads\/2025\/07\/IMG_4428_OK-320x202.jpg 320w, https:\/\/www.htl.srl\/wp-content\/uploads\/2025\/07\/IMG_4428_OK-700x441.jpg 700w\" sizes=\"(max-width: 320px) 100vw, 320px\" \/><\/a><\/div><\/div><div style=\"padding:0.5px;\" class=\"fusion-grid-column fusion-gallery-column fusion-gallery-column-5 hover-type-none\"><div class=\"fusion-gallery-image\"><a href=\"https:\/\/www.htl.srl\/wp-content\/uploads\/2021\/01\/23-cnc-1-scaled.jpg\" rel=\"noreferrer\" data-rel=\"iLightbox[gallery_image_1]\" class=\"fusion-lightbox\" target=\"_self\"><img decoding=\"async\" src=\"https:\/\/www.htl.srl\/wp-content\/uploads\/2021\/01\/23-cnc-1-320x202.jpg\" width=\"320\" height=\"202\" alt=\"\" title=\"\" aria-label=\"\" class=\"img-responsive wp-image-1221 fusion-gallery-image-size-fixed\" srcset=\"https:\/\/www.htl.srl\/wp-content\/uploads\/2021\/01\/23-cnc-1-320x202.jpg 320w, https:\/\/www.htl.srl\/wp-content\/uploads\/2021\/01\/23-cnc-1-700x441.jpg 700w\" sizes=\"(max-width: 320px) 100vw, 320px\" \/><\/a><\/div><\/div><div style=\"padding:0.5px;\" class=\"fusion-grid-column fusion-gallery-column fusion-gallery-column-5 hover-type-none\"><div class=\"fusion-gallery-image\"><a href=\"https:\/\/www.htl.srl\/wp-content\/uploads\/2021\/01\/22-cnc-scaled.jpg\" rel=\"noreferrer\" data-rel=\"iLightbox[gallery_image_1]\" class=\"fusion-lightbox\" target=\"_self\"><img decoding=\"async\" src=\"https:\/\/www.htl.srl\/wp-content\/uploads\/2021\/01\/22-cnc-320x202.jpg\" width=\"320\" height=\"202\" alt=\"\" title=\"\" aria-label=\"\" class=\"img-responsive wp-image-1039 fusion-gallery-image-size-fixed\" srcset=\"https:\/\/www.htl.srl\/wp-content\/uploads\/2021\/01\/22-cnc-320x202.jpg 320w, https:\/\/www.htl.srl\/wp-content\/uploads\/2021\/01\/22-cnc-700x441.jpg 700w\" sizes=\"(max-width: 320px) 100vw, 320px\" \/><\/a><\/div><\/div><div class=\"clearfix\"><\/div><\/div><\/div><\/div><\/div><\/div><\/div>\n","protected":false},"excerpt":{"rendered":"","protected":false},"author":1,"featured_media":0,"parent":0,"menu_order":0,"comment_status":"closed","ping_status":"closed","template":"","meta":{"footnotes":""},"class_list":["post-28","page","type-page","status-publish","hentry"],"_links":{"self":[{"href":"https:\/\/www.htl.srl\/index.php\/wp-json\/wp\/v2\/pages\/28","targetHints":{"allow":["GET"]}}],"collection":[{"href":"https:\/\/www.htl.srl\/index.php\/wp-json\/wp\/v2\/pages"}],"about":[{"href":"https:\/\/www.htl.srl\/index.php\/wp-json\/wp\/v2\/types\/page"}],"author":[{"embeddable":true,"href":"https:\/\/www.htl.srl\/index.php\/wp-json\/wp\/v2\/users\/1"}],"replies":[{"embeddable":true,"href":"https:\/\/www.htl.srl\/index.php\/wp-json\/wp\/v2\/comments?post=28"}],"version-history":[{"count":38,"href":"https:\/\/www.htl.srl\/index.php\/wp-json\/wp\/v2\/pages\/28\/revisions"}],"predecessor-version":[{"id":1359,"href":"https:\/\/www.htl.srl\/index.php\/wp-json\/wp\/v2\/pages\/28\/revisions\/1359"}],"wp:attachment":[{"href":"https:\/\/www.htl.srl\/index.php\/wp-json\/wp\/v2\/media?parent=28"}],"curies":[{"name":"wp","href":"https:\/\/api.w.org\/{rel}","templated":true}]}}